{"id":3460,"date":"2016-03-28T11:47:54","date_gmt":"2016-03-28T14:47:54","guid":{"rendered":"https:\/\/www.vitaimagem.com.br\/blog-da-vita-imagem\/"},"modified":"2022-07-24T14:38:19","modified_gmt":"2022-07-24T17:38:19","slug":"blog-da-vita-imagem","status":"publish","type":"page","link":"https:\/\/www.vitaimagem.com.br\/es\/blog-da-vita-imagem\/","title":{"rendered":"Blog da Vita Imagem"},"content":{"rendered":"<div class=\"fusion-fullwidth fullwidth-box fusion-builder-row-1 fusion-flex-container nonhundred-percent-fullwidth non-hundred-percent-height-scrolling\" style=\"--awb-border-radius-top-left:0px;--awb-border-radius-top-right:0px;--awb-border-radius-bottom-right:0px;--awb-border-radius-bottom-left:0px;--awb-flex-wrap:wrap;\" ><div class=\"fusion-builder-row fusion-row fusion-flex-align-items-flex-start fusion-flex-content-wrap\" style=\"max-width:calc( 1200px + 0px );margin-left: calc(-0px \/ 2 );margin-right: calc(-0px \/ 2 );\"><div class=\"fusion-layout-column fusion_builder_column fusion-builder-column-0 fusion_builder_column_1_1 1_1 fusion-flex-column\" style=\"--awb-bg-size:cover;--awb-width-large:100%;--awb-margin-top-large:0px;--awb-spacing-right-large:0px;--awb-margin-bottom-large:20px;--awb-spacing-left-large:0px;--awb-width-medium:100%;--awb-spacing-right-medium:0px;--awb-spacing-left-medium:0px;--awb-width-small:100%;--awb-spacing-right-small:0px;--awb-spacing-left-small:0px;\"><div class=\"fusion-column-wrapper fusion-column-has-shadow fusion-flex-justify-content-flex-start fusion-content-layout-column\"><\/div><\/div><\/div><\/div>\n","protected":false},"excerpt":{"rendered":"","protected":false},"author":7,"featured_media":3361,"parent":0,"menu_order":0,"comment_status":"closed","ping_status":"closed","template":"","meta":{"_acf_changed":false,"footnotes":""},"class_list":["post-3460","page","type-page","status-publish","has-post-thumbnail","hentry"],"acf":[],"yoast_head":"<!-- This site is optimized with the Yoast SEO plugin v25.1 - https:\/\/yoast.com\/wordpress\/plugins\/seo\/ -->\n<title>Informaci\u00f3n sobre salud, ex\u00e1menes y tecnolog\u00eda - Blog da Vita Imagem<\/title>\n<meta name=\"description\" content=\"Mant\u00e9ngase actualizado con informaci\u00f3n sobre pruebas de diagn\u00f3stico por im\u00e1genes, noticias de salud y mucho m\u00e1s en el blog Vita Imagem en Foz do Igua\u00e7u.\" \/>\n<meta name=\"robots\" content=\"index, follow, max-snippet:-1, max-image-preview:large, max-video-preview:-1\" \/>\n<link rel=\"canonical\" href=\"https:\/\/www.vitaimagem.com.br\/es\/blog-da-vita-imagem\/\" \/>\n<meta property=\"og:locale\" content=\"es_ES\" \/>\n<meta property=\"og:type\" content=\"article\" \/>\n<meta property=\"og:title\" content=\"Informaci\u00f3n sobre salud, ex\u00e1menes y tecnolog\u00eda - Blog da Vita Imagem\" \/>\n<meta property=\"og:description\" content=\"Mant\u00e9ngase actualizado con informaci\u00f3n sobre pruebas de diagn\u00f3stico por im\u00e1genes, noticias de salud y mucho m\u00e1s en el blog Vita Imagem en Foz do Igua\u00e7u.\" \/>\n<meta property=\"og:url\" content=\"https:\/\/www.vitaimagem.com.br\/es\/blog-da-vita-imagem\/\" \/>\n<meta property=\"og:site_name\" content=\"Vita Imagem\" \/>\n<meta property=\"article:modified_time\" content=\"2022-07-24T17:38:19+00:00\" \/>\n<meta property=\"og:image\" content=\"https:\/\/www.vitaimagem.com.br\/wp-content\/uploads\/2020\/07\/pessoa-lendo-jornal.jpg\" \/>\n\t<meta property=\"og:image:width\" content=\"1618\" \/>\n\t<meta property=\"og:image:height\" content=\"1080\" \/>\n\t<meta property=\"og:image:type\" content=\"image\/jpeg\" \/>\n<meta name=\"twitter:card\" content=\"summary_large_image\" \/>\n<meta name=\"twitter:label1\" content=\"Tiempo de lectura\" \/>\n\t<meta name=\"twitter:data1\" content=\"2 minutos\" \/>\n<script type=\"application\/ld+json\" class=\"yoast-schema-graph\">{\"@context\":\"https:\/\/schema.org\",\"@graph\":[{\"@type\":\"WebPage\",\"@id\":\"https:\/\/www.vitaimagem.com.br\/es\/blog-da-vita-imagem\/\",\"url\":\"https:\/\/www.vitaimagem.com.br\/es\/blog-da-vita-imagem\/\",\"name\":\"Informaci\u00f3n sobre salud, ex\u00e1menes y tecnolog\u00eda - Blog da Vita Imagem\",\"isPartOf\":{\"@id\":\"https:\/\/www.vitaimagem.com.br\/es\/#website\"},\"primaryImageOfPage\":{\"@id\":\"https:\/\/www.vitaimagem.com.br\/es\/blog-da-vita-imagem\/#primaryimage\"},\"image\":{\"@id\":\"https:\/\/www.vitaimagem.com.br\/es\/blog-da-vita-imagem\/#primaryimage\"},\"thumbnailUrl\":\"https:\/\/www.vitaimagem.com.br\/wp-content\/uploads\/2020\/07\/pessoa-lendo-jornal.jpg\",\"datePublished\":\"2016-03-28T14:47:54+00:00\",\"dateModified\":\"2022-07-24T17:38:19+00:00\",\"description\":\"Mant\u00e9ngase actualizado con informaci\u00f3n sobre pruebas de diagn\u00f3stico por im\u00e1genes, noticias de salud y mucho m\u00e1s en el blog Vita Imagem en Foz do Igua\u00e7u.\",\"breadcrumb\":{\"@id\":\"https:\/\/www.vitaimagem.com.br\/es\/blog-da-vita-imagem\/#breadcrumb\"},\"inLanguage\":\"es\",\"potentialAction\":[{\"@type\":\"ReadAction\",\"target\":[\"https:\/\/www.vitaimagem.com.br\/es\/blog-da-vita-imagem\/\"]}]},{\"@type\":\"ImageObject\",\"inLanguage\":\"es\",\"@id\":\"https:\/\/www.vitaimagem.com.br\/es\/blog-da-vita-imagem\/#primaryimage\",\"url\":\"https:\/\/www.vitaimagem.com.br\/wp-content\/uploads\/2020\/07\/pessoa-lendo-jornal.jpg\",\"contentUrl\":\"https:\/\/www.vitaimagem.com.br\/wp-content\/uploads\/2020\/07\/pessoa-lendo-jornal.jpg\",\"width\":1618,\"height\":1080},{\"@type\":\"BreadcrumbList\",\"@id\":\"https:\/\/www.vitaimagem.com.br\/es\/blog-da-vita-imagem\/#breadcrumb\",\"itemListElement\":[{\"@type\":\"ListItem\",\"position\":1,\"name\":\"Home\",\"item\":\"https:\/\/www.vitaimagem.com.br\/es\/\"},{\"@type\":\"ListItem\",\"position\":2,\"name\":\"Blog da Vita Imagem\"}]},{\"@type\":\"WebSite\",\"@id\":\"https:\/\/www.vitaimagem.com.br\/es\/#website\",\"url\":\"https:\/\/www.vitaimagem.com.br\/es\/\",\"name\":\"Vita Imagem\",\"description\":\"Tecnologia a Favor da Vida - Foz do Igua\u00e7u - PR\",\"publisher\":{\"@id\":\"https:\/\/www.vitaimagem.com.br\/es\/#organization\"},\"potentialAction\":[{\"@type\":\"SearchAction\",\"target\":{\"@type\":\"EntryPoint\",\"urlTemplate\":\"https:\/\/www.vitaimagem.com.br\/es\/?s={search_term_string}\"},\"query-input\":{\"@type\":\"PropertyValueSpecification\",\"valueRequired\":true,\"valueName\":\"search_term_string\"}}],\"inLanguage\":\"es\"},{\"@type\":\"Organization\",\"@id\":\"https:\/\/www.vitaimagem.com.br\/es\/#organization\",\"name\":\"Vita Imagem\",\"url\":\"https:\/\/www.vitaimagem.com.br\/es\/\",\"logo\":{\"@type\":\"ImageObject\",\"inLanguage\":\"es\",\"@id\":\"https:\/\/www.vitaimagem.com.br\/es\/#\/schema\/logo\/image\/\",\"url\":\"https:\/\/www.vitaimagem.com.br\/wp-content\/uploads\/2019\/05\/logo-da-vita-imagem.png\",\"contentUrl\":\"https:\/\/www.vitaimagem.com.br\/wp-content\/uploads\/2019\/05\/logo-da-vita-imagem.png\",\"width\":1166,\"height\":714,\"caption\":\"Vita Imagem\"},\"image\":{\"@id\":\"https:\/\/www.vitaimagem.com.br\/es\/#\/schema\/logo\/image\/\"}}]}<\/script>\n<!-- \/ Yoast SEO plugin. -->","yoast_head_json":{"title":"Informaci\u00f3n sobre salud, ex\u00e1menes y tecnolog\u00eda - Blog da Vita Imagem","description":"Mant\u00e9ngase actualizado con informaci\u00f3n sobre pruebas de diagn\u00f3stico por im\u00e1genes, noticias de salud y mucho m\u00e1s en el blog Vita Imagem en Foz do Igua\u00e7u.","robots":{"index":"index","follow":"follow","max-snippet":"max-snippet:-1","max-image-preview":"max-image-preview:large","max-video-preview":"max-video-preview:-1"},"canonical":"https:\/\/www.vitaimagem.com.br\/es\/blog-da-vita-imagem\/","og_locale":"es_ES","og_type":"article","og_title":"Informaci\u00f3n sobre salud, ex\u00e1menes y tecnolog\u00eda - Blog da Vita Imagem","og_description":"Mant\u00e9ngase actualizado con informaci\u00f3n sobre pruebas de diagn\u00f3stico por im\u00e1genes, noticias de salud y mucho m\u00e1s en el blog Vita Imagem en Foz do Igua\u00e7u.","og_url":"https:\/\/www.vitaimagem.com.br\/es\/blog-da-vita-imagem\/","og_site_name":"Vita Imagem","article_modified_time":"2022-07-24T17:38:19+00:00","og_image":[{"width":1618,"height":1080,"url":"https:\/\/www.vitaimagem.com.br\/wp-content\/uploads\/2020\/07\/pessoa-lendo-jornal.jpg","type":"image\/jpeg"}],"twitter_card":"summary_large_image","twitter_misc":{"Tiempo de lectura":"2 minutos"},"schema":{"@context":"https:\/\/schema.org","@graph":[{"@type":"WebPage","@id":"https:\/\/www.vitaimagem.com.br\/es\/blog-da-vita-imagem\/","url":"https:\/\/www.vitaimagem.com.br\/es\/blog-da-vita-imagem\/","name":"Informaci\u00f3n sobre salud, ex\u00e1menes y tecnolog\u00eda - Blog da Vita Imagem","isPartOf":{"@id":"https:\/\/www.vitaimagem.com.br\/es\/#website"},"primaryImageOfPage":{"@id":"https:\/\/www.vitaimagem.com.br\/es\/blog-da-vita-imagem\/#primaryimage"},"image":{"@id":"https:\/\/www.vitaimagem.com.br\/es\/blog-da-vita-imagem\/#primaryimage"},"thumbnailUrl":"https:\/\/www.vitaimagem.com.br\/wp-content\/uploads\/2020\/07\/pessoa-lendo-jornal.jpg","datePublished":"2016-03-28T14:47:54+00:00","dateModified":"2022-07-24T17:38:19+00:00","description":"Mant\u00e9ngase actualizado con informaci\u00f3n sobre pruebas de diagn\u00f3stico por im\u00e1genes, noticias de salud y mucho m\u00e1s en el blog Vita Imagem en Foz do Igua\u00e7u.","breadcrumb":{"@id":"https:\/\/www.vitaimagem.com.br\/es\/blog-da-vita-imagem\/#breadcrumb"},"inLanguage":"es","potentialAction":[{"@type":"ReadAction","target":["https:\/\/www.vitaimagem.com.br\/es\/blog-da-vita-imagem\/"]}]},{"@type":"ImageObject","inLanguage":"es","@id":"https:\/\/www.vitaimagem.com.br\/es\/blog-da-vita-imagem\/#primaryimage","url":"https:\/\/www.vitaimagem.com.br\/wp-content\/uploads\/2020\/07\/pessoa-lendo-jornal.jpg","contentUrl":"https:\/\/www.vitaimagem.com.br\/wp-content\/uploads\/2020\/07\/pessoa-lendo-jornal.jpg","width":1618,"height":1080},{"@type":"BreadcrumbList","@id":"https:\/\/www.vitaimagem.com.br\/es\/blog-da-vita-imagem\/#breadcrumb","itemListElement":[{"@type":"ListItem","position":1,"name":"Home","item":"https:\/\/www.vitaimagem.com.br\/es\/"},{"@type":"ListItem","position":2,"name":"Blog da Vita Imagem"}]},{"@type":"WebSite","@id":"https:\/\/www.vitaimagem.com.br\/es\/#website","url":"https:\/\/www.vitaimagem.com.br\/es\/","name":"Vita Imagem","description":"Tecnologia a Favor da Vida - Foz do Igua\u00e7u - PR","publisher":{"@id":"https:\/\/www.vitaimagem.com.br\/es\/#organization"},"potentialAction":[{"@type":"SearchAction","target":{"@type":"EntryPoint","urlTemplate":"https:\/\/www.vitaimagem.com.br\/es\/?s={search_term_string}"},"query-input":{"@type":"PropertyValueSpecification","valueRequired":true,"valueName":"search_term_string"}}],"inLanguage":"es"},{"@type":"Organization","@id":"https:\/\/www.vitaimagem.com.br\/es\/#organization","name":"Vita Imagem","url":"https:\/\/www.vitaimagem.com.br\/es\/","logo":{"@type":"ImageObject","inLanguage":"es","@id":"https:\/\/www.vitaimagem.com.br\/es\/#\/schema\/logo\/image\/","url":"https:\/\/www.vitaimagem.com.br\/wp-content\/uploads\/2019\/05\/logo-da-vita-imagem.png","contentUrl":"https:\/\/www.vitaimagem.com.br\/wp-content\/uploads\/2019\/05\/logo-da-vita-imagem.png","width":1166,"height":714,"caption":"Vita Imagem"},"image":{"@id":"https:\/\/www.vitaimagem.com.br\/es\/#\/schema\/logo\/image\/"}}]}},"_links":{"self":[{"href":"https:\/\/www.vitaimagem.com.br\/es\/wp-json\/wp\/v2\/pages\/3460","targetHints":{"allow":["GET"]}}],"collection":[{"href":"https:\/\/www.vitaimagem.com.br\/es\/wp-json\/wp\/v2\/pages"}],"about":[{"href":"https:\/\/www.vitaimagem.com.br\/es\/wp-json\/wp\/v2\/types\/page"}],"author":[{"embeddable":true,"href":"https:\/\/www.vitaimagem.com.br\/es\/wp-json\/wp\/v2\/users\/7"}],"replies":[{"embeddable":true,"href":"https:\/\/www.vitaimagem.com.br\/es\/wp-json\/wp\/v2\/comments?post=3460"}],"version-history":[{"count":0,"href":"https:\/\/www.vitaimagem.com.br\/es\/wp-json\/wp\/v2\/pages\/3460\/revisions"}],"wp:featuredmedia":[{"embeddable":true,"href":"https:\/\/www.vitaimagem.com.br\/es\/wp-json\/wp\/v2\/media\/3361"}],"wp:attachment":[{"href":"https:\/\/www.vitaimagem.com.br\/es\/wp-json\/wp\/v2\/media?parent=3460"}],"curies":[{"name":"wp","href":"https:\/\/api.w.org\/{rel}","templated":true}]}}